{"id":3784,"date":"2023-06-26T19:30:51","date_gmt":"2023-06-26T17:30:51","guid":{"rendered":"https:\/\/cartucciaexpress.it\/cartucce-torino\/prodotto\/bulk-canon-cli521-ciano-cartuccia-ink-jet-generico-equivalente-di-2934b001\/"},"modified":"2023-09-01T18:48:37","modified_gmt":"2023-09-01T16:48:37","slug":"bulk-canon-cli521-ciano-cartuccia-ink-jet-generico-equivalente-di-2934b001","status":"publish","type":"product","link":"https:\/\/cartucciaexpress.it\/cartucce-torino\/prodotto\/bulk-canon-cli521-ciano-cartuccia-ink-jet-generico-equivalente-di-2934b001\/","title":{"rendered":"BULK &#8211; Canon CLI521 Ciano cartuccia ink-jet Generico &#8211; equivalente di 2934B001"},"content":{"rendered":"<p><PIXMA iP> 3600, 4600, 4700<br \/>\n<PIXMA MP> 540, 550, 560, 620, 630, 640, 980, 990<br \/>\n<PIXMA MX> 860, 870<\/p>\n<p>Capacit\u00e0: 9 ml<\/p>\n","protected":false},"excerpt":{"rendered":"<p>Cartuccia a getto d&#8217;inchiostro generica Canon CLI521 (2934B001) di alta qualit\u00e0.<\/p>\n<p> Adatto per l&#8217;uso con le seguenti stampanti:<br \/> Canon PIXMA IP 3600<br \/> Canon PIXMA iP4600<br \/> Canon PIXMA iP4700<br \/> Canon PIXMAMP540<br \/> Canon PIXMAMP550<br \/> Canon PIXMAMP560<br \/> Canon PIXMAMP620<br \/> Canon Pixma MP630<br \/> Canon Pixma MP640<br \/> Canon Pixma MP980<br \/> Canon Pixma MP990<br \/> Canon PIXMA MX860<br \/> Canon PIXMA MX870<\/p>\n<p> Resa: 9mlbirre significative. \u00c8 applicabile agli aspetti ambientali che l&#8217;organizzazione identifica come quelli che pu\u00f2 controllare e quelli che pu\u00f2 influenzare.<br \/> Le cartucce toner e i tamburi Xerox Everyday sono progettati e prodotti in stabilimenti certificati ISO 14001:2015.<br \/> STMC<br \/> Lo STMC (Standardized Test Methods Committee) \u00e8 una commissione internazionale creata per ricercare e promuovere metodi di test standardizzati per l&#8217;industria delle cartucce per stampanti. I metodi di prova vengono utilizzati per valutare le prestazioni delle cartucce di toner. Quando si utilizzano metodi di test approvati, \u00e8 possibile testare una cartuccia ovunque e ottenere gli stessi risultati indipendentemente da chi sta testando.<br \/> L&#8217;STMC utilizza alcuni metodi di prova dell&#8217;ASTM (American Society for Testing and Materials), come ASTM F1856, per le prestazioni, e ASTM F 2036, per la densit\u00e0 dell&#8217;immagine e lo sfondo. I metodi di test hanno il solo scopo di confrontare una cartuccia finita con un&#8217;altra, solitamente da un produttore di apparecchiature originali. Non misura i componenti.<br \/> Le cartucce toner e i tamburi Xerox\u00ae Everyday sono prodotti in stabilimenti certificati STMC.<\/p>\n<p> Adatto per l&#8217;uso con le seguenti stampanti:<br \/> Brother DCP L2510D<br \/> Brother DCP L2512D<br \/> Brother DCP L2530DW<br \/> Brother DCP L2537DW<br \/> Brother DCP L2550DN<br \/> Brother HL L2310D<br \/> Brother HL L2350DW<br \/> Brother HL L2357DW<br \/> Brother HL L2370DN<br \/> Brother HL L2372DN<br \/> Brother HL L2375DW<br \/> Brother HL L2395DW<br \/> Brother MFC L2710DW<br \/> Brother MFC L2710DN<br \/> Brother MFC L2712DW<br \/> Brother MFC L2712DN<br \/> Brother MFC L2713DW<br \/> Brother MFC L2715DW<br \/> Brother MFC L2730DW<br \/> Brother MFC L2732DW<br \/> Brother MFC L2735DW<br \/> Brother MFC L2750DW<\/p>\n<p> Resa: 12.000 pagine<\/p>\n","protected":false},"featured_media":3785,"template":"","meta":[],"product_cat":[65,487],"product_tag":[],"class_list":["post-3784","product","type-product","status-publish","has-post-thumbnail","hentry","product_cat-canon","product_cat-ink-jet","pa_capacita-9-ml","pa_colore-ciano","pa_formato-compatibile","pa_marca-canon","pa_tipo-ink-jet"],"_links":{"self":[{"href":"https:\/\/cartucciaexpress.it\/cartucce-torino\/wp-json\/wp\/v2\/product\/3784","targetHints":{"allow":["GET"]}}],"collection":[{"href":"https:\/\/cartucciaexpress.it\/cartucce-torino\/wp-json\/wp\/v2\/product"}],"about":[{"href":"https:\/\/cartucciaexpress.it\/cartucce-torino\/wp-json\/wp\/v2\/types\/product"}],"wp:featuredmedia":[{"embeddable":true,"href":"https:\/\/cartucciaexpress.it\/cartucce-torino\/wp-json\/wp\/v2\/media\/3785"}],"wp:attachment":[{"href":"https:\/\/cartucciaexpress.it\/cartucce-torino\/wp-json\/wp\/v2\/media?parent=3784"}],"wp:term":[{"taxonomy":"product_cat","embeddable":true,"href":"https:\/\/cartucciaexpress.it\/cartucce-torino\/wp-json\/wp\/v2\/product_cat?post=3784"},{"taxonomy":"product_tag","embeddable":true,"href":"https:\/\/cartucciaexpress.it\/cartucce-torino\/wp-json\/wp\/v2\/product_tag?post=3784"}],"curies":[{"name":"wp","href":"https:\/\/api.w.org\/{rel}","templated":true}]}}