{"id":1152,"date":"2023-06-26T19:23:32","date_gmt":"2023-06-26T17:23:32","guid":{"rendered":"https:\/\/cartucciaexpress.it\/cartucce-torino\/prodotto\/xerox-everyday-brother-tn230-magenta-toner-compatibile-equivalente-di-tn230m\/"},"modified":"2023-09-01T18:44:34","modified_gmt":"2023-09-01T16:44:34","slug":"xerox-everyday-brother-tn230-magenta-toner-compatibile-equivalente-di-tn230m","status":"publish","type":"product","link":"https:\/\/cartucciaexpress.it\/cartucce-torino\/prodotto\/xerox-everyday-brother-tn230-magenta-toner-compatibile-equivalente-di-tn230m\/","title":{"rendered":"Xerox Everyday Brother TN230 Magenta Toner compatibile &#8211; equivalente di TN230M"},"content":{"rendered":"<p><DCP> 9010, 9010CN<br \/>\n<HL> 3040, 3040CN, 3070, 3070CW<br \/>\n<MFC> 9120CN, 9320CW<\/p>\n<p>Capacit\u00e0: 1.400 Pagine<\/p>\n","protected":false},"excerpt":{"rendered":"<p>Toner Xerox Everyday compatibile per Brother TN230 (TN230M).<br \/> Xerox\u00ae tutti i giorni? \u00e8 una nuova linea di cartucce toner per stampanti di altri produttori basata su un modello diverso: senza prezzi esorbitanti o costi nascosti. Solo la fiducia del marchio Xerox e le solide prestazioni a cui sei abituato.<br \/> Qualit\u00e0. Costanza. Soddisfazione:<br \/> Per tutta la vita della tua stampante, Xerox\u00ae Everyday Toner fornir\u00e0 costantemente testo, colore e grafica senza sorprese o compromessi. Il motivo \u00e8 che tutte le cartucce sono prodotte in strutture certificate ISO 9001 per garantire prestazioni ininterrotte. Infatti, i metodi di test consigliati da STMC garantiscono stampe di qualit\u00e0 dalla prima all&#8217;ultima pagina e totali di pagine stampate che soddisfano o superano in modo affidabile i valori di resa delle cartucce.<br \/> Valore pi\u00f9 alto. Per molto meno:<br \/> Affida il tuo toner a chi lo conosce meglio. Otterrai tutte le prestazioni, l&#8217;affidabilit\u00e0 e la sicurezza che ti aspetti, ma senza i costi associati alle cartucce originali del produttore.<br \/> Opzione rispettosa con il pianeta:<br \/> Questioni interne: Xerox\u00ae Everyday Toner \u00e8 sicuro per te e per l&#8217;ambiente. Le sostanze chimiche dei nostri toner e delle cartucce in plastica soddisfano o superano gli standard del settore per la conformit\u00e0 alle normative internazionali in materia di sicurezza e ambiente. Pubblichiamo il contenuto di tutte le cartucce sul nostro sito Web in modo che tu possa essere sicuro che la tua salute e l&#8217;ambiente non siano a rischio.<br \/> Certificazioni:<br \/> I nostri standard di qualit\u00e0, sicurezza e sostenibilit\u00e0 sono pi\u00f9 severi dei limiti normativi.<br \/> PORTATA:<br \/> REACH \u00e8 il regolamento della Comunit\u00e0 Europea sulle sostanze e preparati chimici e sul loro uso sicuro (EC 1907\/2007). Regola la registrazione, la valutazione, l&#8217;autorizzazione e la restrizione di sostanze e preparati chimici.<br \/> Il suo obiettivo \u00e8 migliorare la protezione della salute umana e dell&#8217;ambiente con una migliore identificazione delle propriet\u00e0 intrinseche delle sostanze chimiche e dei preparati nelle fasi iniziali. REACH mira anche a promuovere l&#8217;innovazione e la competitivit\u00e0 dell&#8217;industria chimica dell&#8217;UE.<br \/> Xerox ha registrato tutte le sostanze chimiche per le quali \u00e8 responsabile dell&#8217;importazione di oltre 1 tonnellata all&#8217;anno o ha verificato la conformit\u00e0 alle normative tramite accordi di rappresentanza della catena di fornitura.<br \/> Le cartucce toner e i tamburi Xerox\u00ae Everyday non contengono sostanze estremamente problematiche (SVHC) pari o superiori allo 0,1% dell&#8217;ultimo elenco di sostanze estremamente problematiche pubblicato dall&#8217;ECHA per l&#8217;autorizzazione.<br \/> Teniamo traccia di tutti gli sviluppi che si verificano in relazione a questo regolamento per garantire la piena e ininterrotta conformit\u00e0.<br \/> ROHS:<br \/> Le cartucce toner e i tamburi Xerox\u00ae Everyday contenenti componenti elettrici ed elettronici sono soggetti alla Direttiva europea sulla restrizione dell&#8217;uso di determinate sostanze pericolose nelle apparecchiature elettriche ed elettroniche (RoHS) e ai corrispondenti requisiti di marcatura CE e RoHS. Queste cartucce soddisfano anche le normative ucraine RoHS equivalenti e sono etichettate di conseguenza.<br \/> RAEE \/ RAEE:<br \/> Le cartucce toner e i tamburi Xerox\u00ae Everyday contenenti componenti elettrici ed elettronici sono soggetti alla Direttiva europea sui rifiuti di apparecchiature elettriche ed elettroniche (RAEE) e sono contrassegnati con il simbolo del bidone della spazzatura barrato per indicare all&#8217;utente finale che la cartuccia deve essere riciclata separatamente dagli altri rifiuti domestici.<br \/> ISO 9001:2015:<br \/> ISO 9001:2000 \u00e8 una famiglia di standard di qualit\u00e0 e linee guida per i settori manifatturiero e dei servizi pubblicati dall&#8217;Organizzazione internazionale per la standardizzazione (ISO).<br \/> ISO 9001:2015 \u00e8 il livello pi\u00f9 completo della serie ISO 9001:2000 e copre l&#8217;intero processo dalla progettazione e sviluppo alla produzione e distribuzione di prodotti e servizi. Il suo obiettivo generale \u00e8 quello di consolidare un sistema che migliori la qualit\u00e0 e l&#8217;affidabilit\u00e0 dei prodotti.<br \/> Le cartucce toner e i tamburi Xerox\u00ae Everyday sono progettati e prodotti in stabilimenti certificati ISO 9001:2015.<br \/> ISO 14001:2015:<br \/> ISO 14001:2015 \u00e8 uno standard internazionale che specifica i requisiti per un sistema di gestione ambientale che consente a un&#8217;organizzazione di sviluppare e attuare una politica e obiettivi che tengano conto dei requisiti legali e di altro tipo a cui l&#8217;organizzazione aderisce, nonch\u00e9 delle informazioni sui suoi aspetti ambientali significativi. \u00c8 applicabile agli aspetti ambientali che l&#8217;organizzazione identifica come quelli che pu\u00f2 controllare e quelli che pu\u00f2 influenzare.<br \/> Le cartucce toner e i tamburi Xerox Everyday sono progettati e prodotti in stabilimenti certificati ISO 14001:2015.<br \/> STMC<br \/> Lo STMC (Standardized Test Methods Committee) \u00e8 una commissione internazionale creata per ricercare e promuovere metodi di test standardizzati per l&#8217;industria delle cartucce per stampanti. I metodi di prova vengono utilizzati per valutare le prestazioni delle cartucce di toner. Quando si utilizzano metodi di test approvati, \u00e8 possibile testare una cartuccia ovunque e ottenere gli stessi risultati indipendentemente da chi sta testando.<br \/> L&#8217;STMC utilizza alcuni metodi di prova dell&#8217;ASTM (American Society for Testing and Materials), come ASTM F1856, per le prestazioni, e ASTM F 2036, per la densit\u00e0 dell&#8217;immagine e lo sfondo. I metodi di test hanno il solo scopo di confrontare una cartuccia finita con un&#8217;altra, solitamente da un produttore di apparecchiature originali. Non misura i componenti.<br \/> Le cartucce toner e i tamburi Xerox\u00ae Everyday sono prodotti in stabilimenti certificati STMC.<\/p>\n<p> Adatto per l&#8217;uso con le seguenti stampanti:<br \/> Brother DCP 9010<br \/> Brother DCP 9010CN<br \/> Brother HL3040<br \/> Brother HL3040CN<br \/> Brother HL3070<br \/> Brother HL3070CW<br \/> Brother MFC 9120CN<br \/> Brother MFC 9320CW<\/p>\n<p> Rendimento: 1.400 pagine<\/p>\n","protected":false},"featured_media":443,"template":"","meta":[],"product_cat":[202,203],"product_tag":[],"class_list":["post-1152","product","type-product","status-publish","has-post-thumbnail","hentry","product_cat-brother","product_cat-toner-laser-brother","pa_capacita-1-400-pagine","pa_colore-magenta","pa_formato-compatibile","pa_marca-brother","pa_tipo-toner-laser"],"_links":{"self":[{"href":"https:\/\/cartucciaexpress.it\/cartucce-torino\/wp-json\/wp\/v2\/product\/1152","targetHints":{"allow":["GET"]}}],"collection":[{"href":"https:\/\/cartucciaexpress.it\/cartucce-torino\/wp-json\/wp\/v2\/product"}],"about":[{"href":"https:\/\/cartucciaexpress.it\/cartucce-torino\/wp-json\/wp\/v2\/types\/product"}],"wp:featuredmedia":[{"embeddable":true,"href":"https:\/\/cartucciaexpress.it\/cartucce-torino\/wp-json\/wp\/v2\/media\/443"}],"wp:attachment":[{"href":"https:\/\/cartucciaexpress.it\/cartucce-torino\/wp-json\/wp\/v2\/media?parent=1152"}],"wp:term":[{"taxonomy":"product_cat","embeddable":true,"href":"https:\/\/cartucciaexpress.it\/cartucce-torino\/wp-json\/wp\/v2\/product_cat?post=1152"},{"taxonomy":"product_tag","embeddable":true,"href":"https:\/\/cartucciaexpress.it\/cartucce-torino\/wp-json\/wp\/v2\/product_tag?post=1152"}],"curies":[{"name":"wp","href":"https:\/\/api.w.org\/{rel}","templated":true}]}}